{"id":1013,"date":"2026-01-07T13:48:35","date_gmt":"2026-01-07T13:48:35","guid":{"rendered":"https:\/\/arabellaklinik.de\/var\/www\/vhosts\/anest.dearabellaklinik.de\/?page_id=1013"},"modified":"2026-01-14T12:33:22","modified_gmt":"2026-01-14T12:33:22","slug":"doctors-by-department","status":"publish","type":"page","link":"https:\/\/arabellaklinik.de\/en\/doctors-by-department\/","title":{"rendered":"Doctors by department"},"content":{"rendered":"<div id=\"cs-content\" class=\"cs-content\"><\/div>\n","protected":false},"excerpt":{"rendered":"<p>Doctors by speciality Department Surgery, orthopedics, and trauma surgeryDepartment Surgery, Visceral surgeryDepartment Surgery, Spinal surgeryDepartment Surgery, Plastic and Aesthetic SurgeryDepartment Ophthalmology, Retinal surgeryDepartment OtorhinolaryngologyDepartment Oral and maxillofacial surgerySURGERY \/ ORTHOPEDICS AND TRAUMA SURGERY Dr. med. Markus Bachmeier Facharzt f\u00fcr Orthop\u00e4die &amp; Unfallchirurgie Orthop\u00e4dische Praxis Dr. med. Markus Bachmeier und Kollegen Hotterstr. 13 80331 M\u00fcnchenProf. Dr. Dr. med. Rainer Baumgart Facharzt &#8230; <a href=\"https:\/\/arabellaklinik.de\/en\/doctors-by-department\/\" class=\"more-link\">Read More<\/a><\/p>\n","protected":false},"author":1,"featured_media":0,"parent":0,"menu_order":0,"comment_status":"closed","ping_status":"closed","template":"","meta":{"footnotes":""},"class_list":["post-1013","page","type-page","status-publish","hentry","no-post-thumbnail"],"_links":{"self":[{"href":"https:\/\/arabellaklinik.de\/en\/wp-json\/wp\/v2\/pages\/1013","targetHints":{"allow":["GET"]}}],"collection":[{"href":"https:\/\/arabellaklinik.de\/en\/wp-json\/wp\/v2\/pages"}],"about":[{"href":"https:\/\/arabellaklinik.de\/en\/wp-json\/wp\/v2\/types\/page"}],"author":[{"embeddable":true,"href":"https:\/\/arabellaklinik.de\/en\/wp-json\/wp\/v2\/users\/1"}],"replies":[{"embeddable":true,"href":"https:\/\/arabellaklinik.de\/en\/wp-json\/wp\/v2\/comments?post=1013"}],"version-history":[{"count":13,"href":"https:\/\/arabellaklinik.de\/en\/wp-json\/wp\/v2\/pages\/1013\/revisions"}],"predecessor-version":[{"id":1027,"href":"https:\/\/arabellaklinik.de\/en\/wp-json\/wp\/v2\/pages\/1013\/revisions\/1027"}],"wp:attachment":[{"href":"https:\/\/arabellaklinik.de\/en\/wp-json\/wp\/v2\/media?parent=1013"}],"curies":[{"name":"wp","href":"https:\/\/api.w.org\/{rel}","templated":true}]}}